{"id":6,"date":"2021-05-17T21:25:21","date_gmt":"2021-05-17T21:25:21","guid":{"rendered":"https:\/\/hexx9records.com\/?page_id=6"},"modified":"2023-06-02T02:49:08","modified_gmt":"2023-06-02T02:49:08","slug":"deth%e2%94%bcec-l%cd%9a%cc%a4%cd%94%cd%96%cc%bc%cd%94%cc%a9ow-tape-evp-dea%e2%94%bch-trvcks-%e2%8d%a6-nu-raadio-%ca%a1%e0%ae%89","status":"publish","type":"page","link":"https:\/\/hexx9records.com\/","title":{"rendered":"deth\u253cec, low tape, EVP, dea\u253ch trvcks \u2366 n\u016f r\u00e5\u00e5dio \u02a1\u0b89"},"content":{"rendered":"<body>\r\n<p>deth\u253cec, ow tape, EVP, dea\u253ch trvcks \u2366 n\u016f r\u00e5\u00e5dio \u02a1\u0b89\u00a0<em> <strong>\u0452\u03b5\u0194\u0194 9 \u3123\u0265\u0254\u0287\u1d09\u028dp\u0250d gothic deathwave &amp; film\u00a0<\/strong><\/em> :deth\u253cec, low tape, EVP, dea\u253ch trvcks \u2366 n\u016f r\u00e5\u00e5dio \u02a1\u0b89deth\u253cec, low tape, EVP, <br>SAY: dea\u253ch trvcks \u2366 n\u016f r\u00e5\u00e5dio \u02a1\u0b89deth\u253cec, low tape, EVP, dea\u253ch trvcks \u2366 n\u016f r\u00e5\u00e5dio \u02a1\u0b89<\/p>\r\n\r\n<h1><a href=\"https:\/\/hexx9records.bandcamp.com\/\">releases are here<\/a><\/h1>\r\n<p><a href=\"https:\/\/hexx9records.bandcamp.com\/\"><img decoding=\"async\" class=\"alignnone size-full wp-image-50\" src=\"http:\/\/hexx9records.com\/wp-content\/uploads\/2023\/06\/0005946578_10.jpg\" alt=\"\" width=\"600\" height=\"598\" loading=\"lazy\" srcset=\"https:\/\/hexx9records.com\/wp-content\/uploads\/2023\/06\/0005946578_10.jpg 600w, https:\/\/hexx9records.com\/wp-content\/uploads\/2023\/06\/0005946578_10-300x300.jpg 300w, https:\/\/hexx9records.com\/wp-content\/uploads\/2023\/06\/0005946578_10-150x150.jpg 150w\" sizes=\"auto, (max-width: 600px) 100vw, 600px\" \/><\/a><\/p>\r\n<p><iframe style=\"border: 0; width: 350px; height: 654px;\" src=\"https:\/\/bandcamp.com\/EmbeddedPlayer\/album=1008101844\/size=large\/bgcol=333333\/linkcol=ffffff\/transparent=true\/\" seamless=\"\"><a href=\"https:\/\/hexx9records.bandcamp.com\/album\/k-u\">\u067e\u01a6\u01a6  \u0452\u01dd\u0349\u032c\u0337\u0361\u0350\u0363.k\u2206u by \u2206NubiisCvl\u253c<\/a><\/iframe><iframe style=\"border: 0; width: 350px; height: 470px;\" src=\"https:\/\/bandcamp.com\/EmbeddedPlayer\/album=4058512323\/size=large\/bgcol=333333\/linkcol=ffffff\/tracklist=false\/transparent=true\/\" seamless=\"\"><a href=\"https:\/\/hexx9records.bandcamp.com\/album\/d3ath-iv3-b3cam3-wh3n-you-b3nd-the-fl3-h\">D3ATH I\u2019V3 B3CAM3 WH3N YOU B3ND THE FL3\u200b$\u200bH by killerwytch<\/a><\/iframe><iframe style=\"border: 0; width: 350px; height: 470px;\" src=\"https:\/\/bandcamp.com\/EmbeddedPlayer\/album=1097788480\/size=large\/bgcol=333333\/linkcol=0f91ff\/tracklist=false\/transparent=true\/\" seamless=\"\"><a href=\"https:\/\/hexx9records.bandcamp.com\/album\/llt-ep\">LLT EP by L e g s L i k e T w i g s<\/a><\/iframe><\/p>\r\n<p>\u00a0<\/p>\r\n<p><iframe style=\"border: 0; width: 350px; height: 786px;\" src=\"https:\/\/bandcamp.com\/EmbeddedPlayer\/album=4144547019\/size=large\/bgcol=333333\/linkcol=ffffff\/transparent=true\/\" seamless=\"\"><a href=\"https:\/\/hexx9records.bandcamp.com\/album\/morgve-remixes-vol-ii-2019\">MORGVE \u2013 REMIXES VOL II (2019) by MORGVE<\/a><\/iframe> <iframe style=\"border: 0; width: 350px; height: 470px;\" src=\"https:\/\/bandcamp.com\/EmbeddedPlayer\/album=3539774699\/size=large\/bgcol=333333\/linkcol=e32c14\/tracklist=false\/transparent=true\/\" seamless=\"\"><a href=\"https:\/\/hexx9records.bandcamp.com\/album\/p\">\u2020\u045b\u0292 P\u039b\u03fe\u2020 by BL\u039bCK GO\u039bT CVLT + ROTTEN WOLF<\/a><\/iframe> <iframe style=\"border: 0; width: 350px; height: 470px;\" src=\"https:\/\/bandcamp.com\/EmbeddedPlayer\/album=82872717\/size=large\/bgcol=333333\/linkcol=ffffff\/tracklist=false\/transparent=true\/\" seamless=\"\"><a href=\"https:\/\/hexx9records.bandcamp.com\/album\/diatribe-of-enchantment\">Diatribe of Enchantment by I\u2020\u2020<\/a><\/iframe><\/p>\r\n<p><iframe style=\"border: 0; width: 350px; height: 470px;\" src=\"https:\/\/bandcamp.com\/EmbeddedPlayer\/album=1747698796\/size=large\/bgcol=333333\/linkcol=ffffff\/tracklist=false\/transparent=true\/\" seamless=\"\"><a href=\"https:\/\/hexx9records.bandcamp.com\/album\/kvlt-vg-d\">kvlt\u00f6vg\u00e5d by kvlt\u00f6vg\u00e5d<\/a><\/iframe> <iframe style=\"border: 0; width: 350px; height: 442px;\" src=\"https:\/\/bandcamp.com\/EmbeddedPlayer\/track=1985792168\/size=large\/bgcol=333333\/linkcol=ffffff\/tracklist=false\/transparent=true\/\" seamless=\"\"><a href=\"https:\/\/hexx9records.bandcamp.com\/track\/kuro-mah-666-black-magic-japanese-kuro-mah-spells-draw-power-from-mazoku-and-are-all-offensive\">\u9ed2\u9b54\u6cd5 kuro mah\u014d 666 :Black magic (Japanese_ \u9ed2\u9b54\u6cd5, kuro mah\u014d) spells draw power from mazoku, and are all offensive. by gangster geisha<\/a><\/iframe><iframe style=\"border: 0; width: 350px; height: 442px;\" src=\"https:\/\/bandcamp.com\/EmbeddedPlayer\/track=4072973231\/size=large\/bgcol=333333\/linkcol=ffffff\/tracklist=false\/transparent=true\/\" seamless=\"\"><a href=\"https:\/\/hexx9records.bandcamp.com\/track\/the-world-is-burning-ft-b-nm-skim\">the world is burning ft B\u039bNM\u039bSKIM by BLAKPANELSKRIPT and B\u039bNM\u039bSKIM<\/a><\/iframe><\/p>\r\n<p><iframe style=\"border: 0; width: 350px; height: 470px;\" src=\"https:\/\/bandcamp.com\/EmbeddedPlayer\/album=3769196619\/size=large\/bgcol=333333\/linkcol=e32c14\/tracklist=false\/transparent=true\/\" seamless=\"\"><a href=\"https:\/\/hexx9records.bandcamp.com\/album\/m33ndworms\">M33NDWORMS by +d33b+<\/a><\/iframe><iframe style=\"border: 0; width: 350px; height: 687px;\" src=\"https:\/\/bandcamp.com\/EmbeddedPlayer\/album=3427607939\/size=large\/bgcol=333333\/linkcol=ffffff\/transparent=true\/\" seamless=\"\"><a href=\"https:\/\/hexx9records.bandcamp.com\/album\/k-ep\">\u0e3f\u230a\u25bc\u00c7K\u2038\u20b2\u039b\u230a\u230a\u00d8\u20a9\u00a7 EP by \u0e3f\u230a\u25bc\u00c7K\u2038\u20b2\u039b\u230a\u230a\u00d8\u20a9\u00a7<\/a><\/iframe><iframe style=\"border: 0; width: 350px; height: 786px;\" src=\"https:\/\/bandcamp.com\/EmbeddedPlayer\/album=1472601249\/size=large\/bgcol=333333\/linkcol=ffffff\/transparent=true\/\" seamless=\"\"><a href=\"https:\/\/hexx9records.bandcamp.com\/album\/themes-for-a-dark-imaginary-film\">Themes For A Dark Imaginary Film by Achromatic Residue<\/a><\/iframe><\/p>\r\n<p><iframe style=\"border: 0; width: 350px; height: 621px;\" src=\"https:\/\/bandcamp.com\/EmbeddedPlayer\/album=405815035\/size=large\/bgcol=333333\/linkcol=ffffff\/transparent=true\/\" seamless=\"\"><a href=\"https:\/\/hexx9records.bandcamp.com\/album\/pr-ising-the-de-d\">PR\u0394ISING THE DE\u0394D by \u0394CID GR\u0394VE<\/a><\/iframe><iframe style=\"border: 0; width: 350px; height: 687px;\" src=\"https:\/\/bandcamp.com\/EmbeddedPlayer\/album=2515783453\/size=large\/bgcol=333333\/linkcol=9a64ff\/transparent=true\/\" seamless=\"\"><a href=\"https:\/\/hexx9records.bandcamp.com\/album\/t-h-i-s-vv-r-l-d-i-s-d-r-i-n-i-n-g-p\">\u2020T H I S  VV \u00d8 R L D  I S  D R \u039b I N I N G\u2020  \u03a3P by P L V G U E S<\/a><\/iframe><iframe style=\"border: 0; width: 350px; height: 470px;\" src=\"https:\/\/bandcamp.com\/EmbeddedPlayer\/album=4092169536\/size=large\/bgcol=333333\/linkcol=e99708\/tracklist=false\/transparent=true\/\" seamless=\"\"><a href=\"https:\/\/hexx9records.bandcamp.com\/album\/exit-wounds\">Exit Wounds by Armour King<\/a><\/iframe><\/p><\/body>","protected":false},"excerpt":{"rendered":"<p>deth\u253cec, ow tape, EVP, dea\u253ch trvcks \u2366 n\u016f r\u00e5\u00e5dio \u02a1\u0b89\u00a0 \u0452\u03b5\u0194\u0194 9 \u3123\u0265\u0254\u0287\u1d09\u028dp\u0250d gothic deathwave &amp; film\u00a0 :deth\u253cec, low tape, EVP, dea\u253ch trvcks \u2366 n\u016f r\u00e5\u00e5dio \u02a1\u0b89deth\u253cec, low tape, EVP, SAY: dea\u253ch trvcks \u2366 n\u016f r\u00e5\u00e5dio \u02a1\u0b89deth\u253cec, low tape, EVP, dea\u253ch trvcks \u2366 n\u016f r\u00e5\u00e5dio \u02a1\u0b89 releases are here \u067e\u01a6\u01a6 \u0452\u01dd\u0349\u032c\u0337\u0361\u0350\u0363.k\u2206u by \u2206NubiisCvl\u253cD3ATH I\u2019V3 B3CAM3 [&hellip;]<\/p>\n","protected":false},"author":1,"featured_media":33,"parent":0,"menu_order":0,"comment_status":"closed","ping_status":"closed","template":"page-templates\/full-width.php","meta":{"footnotes":""},"class_list":["post-6","page","type-page","status-publish","has-post-thumbnail","hentry"],"_links":{"self":[{"href":"https:\/\/hexx9records.com\/index.php?rest_route=\/wp\/v2\/pages\/6","targetHints":{"allow":["GET"]}}],"collection":[{"href":"https:\/\/hexx9records.com\/index.php?rest_route=\/wp\/v2\/pages"}],"about":[{"href":"https:\/\/hexx9records.com\/index.php?rest_route=\/wp\/v2\/types\/page"}],"author":[{"embeddable":true,"href":"https:\/\/hexx9records.com\/index.php?rest_route=\/wp\/v2\/users\/1"}],"replies":[{"embeddable":true,"href":"https:\/\/hexx9records.com\/index.php?rest_route=%2Fwp%2Fv2%2Fcomments&post=6"}],"version-history":[{"count":25,"href":"https:\/\/hexx9records.com\/index.php?rest_route=\/wp\/v2\/pages\/6\/revisions"}],"predecessor-version":[{"id":55,"href":"https:\/\/hexx9records.com\/index.php?rest_route=\/wp\/v2\/pages\/6\/revisions\/55"}],"wp:featuredmedia":[{"embeddable":true,"href":"https:\/\/hexx9records.com\/index.php?rest_route=\/wp\/v2\/media\/33"}],"wp:attachment":[{"href":"https:\/\/hexx9records.com\/index.php?rest_route=%2Fwp%2Fv2%2Fmedia&parent=6"}],"curies":[{"name":"wp","href":"https:\/\/api.w.org\/{rel}","templated":true}]}}